{"id":872,"date":"2024-09-07T15:43:25","date_gmt":"2024-09-07T15:43:25","guid":{"rendered":"https:\/\/www.romegrindingsolutions.com\/?page_id=872"},"modified":"2026-04-01T08:28:57","modified_gmt":"2026-04-01T08:28:57","slug":"grinder-finder","status":"publish","type":"page","link":"https:\/\/www.romegrindingsolutions.com\/es\/resources\/grinder-finder\/","title":{"rendered":"Buscador de molinillos"},"content":{"rendered":"<p><div class=\"fusion-fullwidth fullwidth-box fusion-builder-row-1 fusion-flex-container has-pattern-background has-mask-background nonhundred-percent-fullwidth non-hundred-percent-height-scrolling\" style=\"--awb-border-radius-top-left:0px;--awb-border-radius-top-right:0px;--awb-border-radius-bottom-right:0px;--awb-border-radius-bottom-left:0px;--awb-margin-top:60px;--awb-flex-wrap:wrap;\" ><div class=\"fusion-builder-row fusion-row fusion-flex-align-items-center fusion-flex-justify-content-center fusion-flex-content-wrap\" style=\"max-width:1428.96px;margin-left: calc(-4% \/ 2 );margin-right: calc(-4% \/ 2 );\"><div class=\"fusion-layout-column fusion_builder_column fusion-builder-column-0 fusion-flex-column\" style=\"--awb-bg-size:cover;--awb-width-large:52%;--awb-margin-top-large:0px;--awb-spacing-right-large:3.69230769231%;--awb-margin-bottom-large:20px;--awb-spacing-left-large:3.69230769231%;--awb-width-medium:52%;--awb-order-medium:0;--awb-spacing-right-medium:3.69230769231%;--awb-spacing-left-medium:3.69230769231%;--awb-width-small:100%;--awb-order-small:0;--awb-spacing-right-small:0px;--awb-spacing-left-small:0px;\" data-scroll-devices=\"small-visibility,medium-visibility,large-visibility\"><div class=\"fusion-column-wrapper fusion-column-has-shadow fusion-flex-justify-content-flex-start fusion-content-layout-column\"><div class=\"fusion-text fusion-text-1\" style=\"--awb-font-size:40px;--awb-line-height:44px;--awb-text-transform:uppercase;--awb-text-color:#404040;--awb-text-font-family:&quot;Oswald&quot;;--awb-text-font-style:normal;--awb-text-font-weight:300;\"><p style=\"text-align: center;\">\u00bfQu\u00e9 trituradora es la <strong>mejor para usted?<\/strong><\/p>\n<\/div><div class=\"fusion-text fusion-text-2\" style=\"--awb-font-size:20px;--awb-line-height:28px;--awb-text-color:#000000;--awb-text-font-family:&quot;Roboto&quot;;--awb-text-font-style:normal;--awb-text-font-weight:400;\" id=\"max-text-center\"><p style=\"text-align: center;\">Descubra el molinillo ideal para sus necesidades espec\u00edficas con nuestro Buscador de molinillos f\u00e1cil de usar. Al seleccionar el estado, la industria y los requisitos de su producto, recibir\u00e1 recomendaciones personalizadas que garantizan un rendimiento y una eficiencia \u00f3ptimos. Simplifique su proceso de toma de decisiones y obtenga los mejores resultados con el molinillo adecuado para su operaci\u00f3n.<\/p>\n<\/div><div ><a class=\"fusion-button button-flat fusion-button-default-size button-default fusion-button-default button-1 fusion-button-default-span fusion-button-default-type d-none\" target=\"_self\" href=\"#awb-open-oc__1184\" id=\"email_notification_cta\"><span class=\"fusion-button-text awb-button__text awb-button__text--default\">Bot\u00f3n de notificaci\u00f3n por correo electr\u00f3nico<\/span><\/a><\/div><\/div><\/div><\/div><\/div><div class=\"fusion-fullwidth fullwidth-box fusion-builder-row-2 fusion-flex-container has-pattern-background has-mask-background nonhundred-percent-fullwidth non-hundred-percent-height-scrolling\" style=\"--awb-border-radius-top-left:0px;--awb-border-radius-top-right:0px;--awb-border-radius-bottom-right:0px;--awb-border-radius-bottom-left:0px;--awb-flex-wrap:wrap;\" ><div class=\"fusion-builder-row fusion-row fusion-flex-align-items-flex-start fusion-flex-content-wrap\" style=\"max-width:1428.96px;margin-left: calc(-4% \/ 2 );margin-right: calc(-4% \/ 2 );\"><div class=\"fusion-layout-column fusion_builder_column fusion-builder-column-1 fusion_builder_column_1_1 1_1 fusion-flex-column\" style=\"--awb-bg-size:cover;--awb-width-large:100%;--awb-margin-top-large:0px;--awb-spacing-right-large:1.92%;--awb-margin-bottom-large:20px;--awb-spacing-left-large:1.92%;--awb-width-medium:100%;--awb-order-medium:0;--awb-spacing-right-medium:1.92%;--awb-spacing-left-medium:1.92%;--awb-width-small:100%;--awb-order-small:0;--awb-spacing-right-small:1.92%;--awb-spacing-left-small:1.92%;\"><div class=\"fusion-column-wrapper fusion-column-has-shadow fusion-flex-justify-content-flex-start fusion-content-layout-column\"><div class=\"fusion-text fusion-text-3\">    <div class=\"pst-product-selector\">\n\t\t\t\t\t<a class=\"fusion-button button-flat fusion-button-default-size button-default fusion-button-default button-3 d-none fusion-button-default-span fusion-button-default-type\" target=\"_self\" href=\"#awb-open-oc__1184\" id=\"email_notification_cta\"><span class=\"fusion-button-text\">Bot\u00f3n de notificaci\u00f3n por correo electr\u00f3nico<\/span><\/a>\t\t\t\t\t\n\t\t\n        <form id=\"pst-product-selector-form\" action=\"\">\n\t\t\t<div class=\"row text-center selection-form\">\n\t\t\t\t<div class=\"col-md-12\">\n\t\t\t\t<\/div>\n\t\t\t\t<div class=\"col-md-4 step1\">\n\t\t\t\t\t<span class=\"btn-stage\">1<\/span>\n\t\t\t\t\t<label for=\"product_application\">Elige tu<br\/>aplicaci\u00f3n del producto.<\/label>\n\t\t\t\t\t<p>\n\t\t\t\t\t\tComprender la aplicaci\u00f3n de su producto es el primer paso para seleccionar el trituradora adecuado. Esto garantiza que el trituradora se adapte a sus necesidades de producci\u00f3n espec\u00edficas.\n\t\t\t\t\t<\/p>\n\t\t\t\t\t<select id=\"product_application\" name=\"product_application\">\n\t\t\t\t\t\t<option value=\"\">Seleccione la aplicaci\u00f3n de su producto<\/option>\n\t\t\t\t\t\t<option value=\"Processing\">Tratamiento<\/option>\n\t\t\t\t\t\t<option value=\"Rendering\">Representaci\u00f3n<\/option>\n\t\t\t\t\t<\/select>\t\t\t\t\t\n\t\t\t\t<\/div>\t\t\t\t\n\t\t\t\t<div class=\"col-md-4 step2\">\n\t\t\t\t\t<span class=\"btn-stage\">2<\/span>\n\t\t\t\t\t<label for=\"product_state\">Elige tu<br\/>Tipo De Producto<\/label>\n\t\t\t\t\t<p>\n\t\t\t\t\t\tSeleccione el tipo de producto para determinar la configuraci\u00f3n inicial de su trituradora. Esta selecci\u00f3n ayuda a optimizar la producci\u00f3n en funci\u00f3n de las diferencias de textura y temperatura.\n\t\t\t\t\t<\/p>\n\t\t\t\t\t<select id=\"product_state\" name=\"product_state\">\n\t\t\t\t\t\t<option value=\"\">Seleccione el estado de su producto<\/option>\n\t\t\t\t\t\t<option value=\"Fresh\">Fresco<\/option>\n\t\t\t\t\t\t<option value=\"Frozen\/Block\">Congelado\/Bloqueado<\/option>\n\t\t\t\t\t\t<option value=\"Pre-Broken\/Frozen\">Pre-roto\/congelado<\/option>\n\t\t\t\t\t\t<option value=\"Bone\">Hueso<\/option>\n\t\t\t\t\t\t<option value=\"Fat\">Gordo<\/option>\n\t\t\t\t\t<\/select>\t\t\t\t\t\t\t\t\t\n\t\t\t\t<\/div>\n\t\t\t\t<div class=\"col-md-4 step3\">\n\t\t\t\t\t<span class=\"btn-stage\">3<\/span>\n\t\t\t\t\t<label for=\"throughput\">Elige tu<br \/>Rendimiento.<\/label>\n\t\t\t\t\t<p>\n\t\t\t\t\t\tEspecifique el rendimiento deseado para garantizar que el trituradora cumpla con sus demandas. Esto ayuda a adaptar el equipo para manejar el volumen de manera eficiente y optimizar el rendimiento.\n\t\t\t\t\t<\/p>\n\t\t\t\t\t<select id=\"throughput\" name=\"throughput\">\n\t\t\t\t\t\t<option value=\"\">Seleccione el requisito de su producto<\/option>\n\t\t\t\t\t\t<option value=\"Less than 12,000 lbs per hour\">Menos de 12.000 libras por hora<\/option>\n\t\t\t\t\t\t<option value=\"Greater than 12,000 lbs per hour\">M\u00e1s de 12.000 libras por hora<\/option>\n\t\t\t\t\t<\/select>\n\t\t\t\t<\/div>\n\t\t\t<\/div>\n        <input type=\"hidden\" name=\"trp-form-language\" value=\"es\"\/><\/form>\n\n        <div id=\"pst-product-results\">\n            <!-- Dynamic content will be loaded here -->\n        <\/div>\n    <\/div>\n    \n<\/div><\/div><\/div><\/div><\/div><\/p>","protected":false},"excerpt":{"rendered":"","protected":false},"author":2,"featured_media":0,"parent":420,"menu_order":0,"comment_status":"closed","ping_status":"closed","template":"100-width.php","meta":{"_acf_changed":false,"footnotes":""},"class_list":["post-872","page","type-page","status-publish","hentry"],"acf":[],"yoast_head":"<!-- This site is optimized with the Yoast SEO plugin v27.5 - https:\/\/yoast.com\/product\/yoast-seo-wordpress\/ -->\n<title>Grinder Finder | Rome Grinding Solutions<\/title>\n<meta name=\"robots\" content=\"index, follow, max-snippet:-1, max-image-preview:large, max-video-preview:-1\" \/>\n<link rel=\"canonical\" href=\"https:\/\/www.romegrindingsolutions.com\/es\/resources\/grinder-finder\/\" \/>\n<meta property=\"og:locale\" content=\"es_MX\" \/>\n<meta property=\"og:type\" content=\"article\" \/>\n<meta property=\"og:title\" content=\"Grinder Finder | Rome Grinding Solutions\" \/>\n<meta property=\"og:url\" content=\"https:\/\/www.romegrindingsolutions.com\/es\/resources\/grinder-finder\/\" \/>\n<meta property=\"og:site_name\" content=\"Rome Grinding Solutions\" \/>\n<meta property=\"article:modified_time\" content=\"2026-04-01T08:28:57+00:00\" \/>\n<meta name=\"twitter:card\" content=\"summary_large_image\" \/>\n<meta name=\"twitter:label1\" content=\"Tiempo de lectura\" \/>\n\t<meta name=\"twitter:data1\" content=\"1 minuto\" \/>\n<script type=\"application\/ld+json\" class=\"yoast-schema-graph\">{\"@context\":\"https:\\\/\\\/schema.org\",\"@graph\":[{\"@type\":\"WebPage\",\"@id\":\"https:\\\/\\\/www.romegrindingsolutions.com\\\/es\\\/resources\\\/grinder-finder\\\/\",\"url\":\"https:\\\/\\\/www.romegrindingsolutions.com\\\/es\\\/resources\\\/grinder-finder\\\/\",\"name\":\"Grinder Finder | Rome Grinding Solutions\",\"isPartOf\":{\"@id\":\"https:\\\/\\\/www.romegrindingsolutions.com\\\/es\\\/#website\"},\"datePublished\":\"2024-09-07T15:43:25+00:00\",\"dateModified\":\"2026-04-01T08:28:57+00:00\",\"breadcrumb\":{\"@id\":\"https:\\\/\\\/www.romegrindingsolutions.com\\\/es\\\/resources\\\/grinder-finder\\\/#breadcrumb\"},\"inLanguage\":\"es\",\"potentialAction\":[{\"@type\":\"ReadAction\",\"target\":[\"https:\\\/\\\/www.romegrindingsolutions.com\\\/es\\\/resources\\\/grinder-finder\\\/\"]}]},{\"@type\":\"BreadcrumbList\",\"@id\":\"https:\\\/\\\/www.romegrindingsolutions.com\\\/es\\\/resources\\\/grinder-finder\\\/#breadcrumb\",\"itemListElement\":[{\"@type\":\"ListItem\",\"position\":1,\"name\":\"Home\",\"item\":\"https:\\\/\\\/www.romegrindingsolutions.com\\\/\"},{\"@type\":\"ListItem\",\"position\":2,\"name\":\"Resources\",\"item\":\"https:\\\/\\\/www.romegrindingsolutions.com\\\/resources\\\/\"},{\"@type\":\"ListItem\",\"position\":3,\"name\":\"Grinder Finder\"}]},{\"@type\":\"WebSite\",\"@id\":\"https:\\\/\\\/www.romegrindingsolutions.com\\\/es\\\/#website\",\"url\":\"https:\\\/\\\/www.romegrindingsolutions.com\\\/es\\\/\",\"name\":\"Rome Grinding Solutions\",\"description\":\"\",\"potentialAction\":[{\"@type\":\"SearchAction\",\"target\":{\"@type\":\"EntryPoint\",\"urlTemplate\":\"https:\\\/\\\/www.romegrindingsolutions.com\\\/es\\\/?s={search_term_string}\"},\"query-input\":{\"@type\":\"PropertyValueSpecification\",\"valueRequired\":true,\"valueName\":\"search_term_string\"}}],\"inLanguage\":\"es\"}]}<\/script>\n<!-- \/ Yoast SEO plugin. -->","yoast_head_json":{"title":"Buscador de amoladoras | Soluciones de molienda en Roma","robots":{"index":"index","follow":"follow","max-snippet":"max-snippet:-1","max-image-preview":"max-image-preview:large","max-video-preview":"max-video-preview:-1"},"canonical":"https:\/\/www.romegrindingsolutions.com\/es\/resources\/grinder-finder\/","og_locale":"es_MX","og_type":"article","og_title":"Grinder Finder | Rome Grinding Solutions","og_url":"https:\/\/www.romegrindingsolutions.com\/es\/resources\/grinder-finder\/","og_site_name":"Rome Grinding Solutions","article_modified_time":"2026-04-01T08:28:57+00:00","twitter_card":"summary_large_image","twitter_misc":{"Tiempo de lectura":"1 minuto"},"schema":{"@context":"https:\/\/schema.org","@graph":[{"@type":"WebPage","@id":"https:\/\/www.romegrindingsolutions.com\/es\/resources\/grinder-finder\/","url":"https:\/\/www.romegrindingsolutions.com\/es\/resources\/grinder-finder\/","name":"Buscador de amoladoras | Soluciones de molienda en Roma","isPartOf":{"@id":"https:\/\/www.romegrindingsolutions.com\/es\/#website"},"datePublished":"2024-09-07T15:43:25+00:00","dateModified":"2026-04-01T08:28:57+00:00","breadcrumb":{"@id":"https:\/\/www.romegrindingsolutions.com\/es\/resources\/grinder-finder\/#breadcrumb"},"inLanguage":"es","potentialAction":[{"@type":"ReadAction","target":["https:\/\/www.romegrindingsolutions.com\/es\/resources\/grinder-finder\/"]}]},{"@type":"BreadcrumbList","@id":"https:\/\/www.romegrindingsolutions.com\/es\/resources\/grinder-finder\/#breadcrumb","itemListElement":[{"@type":"ListItem","position":1,"name":"Home","item":"https:\/\/www.romegrindingsolutions.com\/"},{"@type":"ListItem","position":2,"name":"Resources","item":"https:\/\/www.romegrindingsolutions.com\/resources\/"},{"@type":"ListItem","position":3,"name":"Grinder Finder"}]},{"@type":"WebSite","@id":"https:\/\/www.romegrindingsolutions.com\/es\/#website","url":"https:\/\/www.romegrindingsolutions.com\/es\/","name":"Rome Grinding Solutions","description":"","potentialAction":[{"@type":"SearchAction","target":{"@type":"EntryPoint","urlTemplate":"https:\/\/www.romegrindingsolutions.com\/es\/?s={search_term_string}"},"query-input":{"@type":"PropertyValueSpecification","valueRequired":true,"valueName":"search_term_string"}}],"inLanguage":"es"}]}},"_links":{"self":[{"href":"https:\/\/www.romegrindingsolutions.com\/es\/wp-json\/wp\/v2\/pages\/872","targetHints":{"allow":["GET"]}}],"collection":[{"href":"https:\/\/www.romegrindingsolutions.com\/es\/wp-json\/wp\/v2\/pages"}],"about":[{"href":"https:\/\/www.romegrindingsolutions.com\/es\/wp-json\/wp\/v2\/types\/page"}],"author":[{"embeddable":true,"href":"https:\/\/www.romegrindingsolutions.com\/es\/wp-json\/wp\/v2\/users\/2"}],"replies":[{"embeddable":true,"href":"https:\/\/www.romegrindingsolutions.com\/es\/wp-json\/wp\/v2\/comments?post=872"}],"version-history":[{"count":0,"href":"https:\/\/www.romegrindingsolutions.com\/es\/wp-json\/wp\/v2\/pages\/872\/revisions"}],"up":[{"embeddable":true,"href":"https:\/\/www.romegrindingsolutions.com\/es\/wp-json\/wp\/v2\/pages\/420"}],"wp:attachment":[{"href":"https:\/\/www.romegrindingsolutions.com\/es\/wp-json\/wp\/v2\/media?parent=872"}],"curies":[{"name":"gracias","href":"https:\/\/api.w.org\/{rel}","templated":true}]}}