{"id":769,"date":"2024-09-04T20:23:05","date_gmt":"2024-09-04T20:23:05","guid":{"rendered":"https:\/\/www.romegrindingsolutions.com\/?page_id=769"},"modified":"2025-02-27T13:59:49","modified_gmt":"2025-02-27T13:59:49","slug":"maintenance-repairs","status":"publish","type":"page","link":"https:\/\/www.romegrindingsolutions.com\/es\/service-parts\/maintenance-repairs\/","title":{"rendered":"Mantenimiento y reparaciones"},"content":{"rendered":"<p><div class=\"fusion-fullwidth fullwidth-box fusion-builder-row-1 fusion-flex-container has-pattern-background has-mask-background hundred-percent-fullwidth non-hundred-percent-height-scrolling\" style=\"--awb-background-position:right top;--awb-background-position-medium:right top;--awb-background-position-small:center bottom;--awb-background-repeat-small:no-repeat;--awb-border-radius-top-left:0px;--awb-border-radius-top-right:0px;--awb-border-radius-bottom-right:0px;--awb-border-radius-bottom-left:0px;--awb-padding-top:0px;--awb-padding-right:0px;--awb-padding-right-medium:0px;--awb-padding-left-medium:20px;--awb-padding-right-small:20px;--awb-padding-left-small:20px;--awb-margin-top:70px;--awb-margin-bottom:80px;--awb-margin-top-medium:70px;--awb-margin-bottom-medium:80px;--awb-margin-top-small:40px;--awb-margin-bottom-small:70px;--awb-background-color-small:#ffffff;--awb-background-size:contain;--awb-background-size-small:contain;--awb-flex-wrap:wrap;--awb-flex-wrap-small:wrap;\" ><div class=\"fusion-builder-row fusion-row fusion-flex-align-items-center fusion-flex-justify-content-center fusion-flex-content-wrap\" style=\"width:104% !important;max-width:104% !important;margin-left: calc(-4% \/ 2 );margin-right: calc(-4% \/ 2 );\"><div class=\"fusion-layout-column fusion_builder_column fusion-builder-column-0 fusion-flex-column fusion-flex-align-self-center\" style=\"--awb-padding-top-small:0px;--awb-padding-right-small:0px;--awb-padding-bottom-small:0px;--awb-padding-left-small:0px;--awb-bg-size:cover;--awb-width-large:55%;--awb-margin-top-large:50px;--awb-spacing-right-large:3.49090909091%;--awb-margin-bottom-large:0px;--awb-spacing-left-large:3.49090909091%;--awb-width-medium:80%;--awb-order-medium:0;--awb-margin-top-medium:0px;--awb-spacing-right-medium:2.4%;--awb-spacing-left-medium:2.4%;--awb-width-small:100%;--awb-order-small:0;--awb-margin-top-small:0px;--awb-spacing-right-small:1.92%;--awb-spacing-left-small:1.92%;\" data-scroll-devices=\"small-visibility,medium-visibility,large-visibility\"><div class=\"fusion-column-wrapper fusion-column-has-shadow fusion-flex-justify-content-center fusion-content-layout-column\"><div class=\"fusion-text fusion-text-1\" style=\"--awb-font-size:40px;--awb-line-height:44px;--awb-text-transform:uppercase;--awb-text-color:#404040;--awb-text-font-family:&quot;Oswald&quot;;--awb-text-font-style:normal;--awb-text-font-weight:300;\"><p style=\"text-align: center;\">MANTENER EL <strong>L\u00ednea en movimiento<\/strong><\/p>\n<\/div><div class=\"fusion-text fusion-text-2 fusion-text-no-margin\" style=\"--awb-content-alignment:center;--awb-font-size:20px;--awb-line-height:28px;--awb-margin-bottom:30px;--awb-text-font-family:&quot;Roboto&quot;;--awb-text-font-style:normal;--awb-text-font-weight:400;\" id=\"text-left-sec-three\"><div id=\"text-left-sec-three\" class=\"fusion-text fusion-text-8 fusion-text-no-margin\">\n<div id=\"text-left-sec-three\" class=\"fusion-text fusion-text-4 fusion-text-no-margin\">\n<p><span class=\"TextRun SCXW229813251 BCX0\" lang=\"EN-US\" xml:lang=\"EN-US\" data-contrast=\"none\"><span class=\"NormalTextRun SCXW229813251 BCX0\">La mejor manera de maximizar el valor de su equipo de molienda industrial de alimentos es asegurarse de que se mantenga en buen estado de forma regular. <\/span><span class=\"NormalTextRun SCXW229813251 BCX0\">mantenido<\/span><span class=\"NormalTextRun SCXW229813251 BCX0\"> al m\u00e1s alto est\u00e1ndar posible. <\/span><span class=\"NormalTextRun ContextualSpellingAndGrammarErrorV2Themed SCXW229813251 BCX0\">Nuestro equipo<\/span><span class=\"NormalTextRun SCXW229813251 BCX0\"> Un grupo de expertos de la industria trabaja en estrecha colaboraci\u00f3n con los operadores de equipos para desarrollar programas de mantenimiento proactivos que priorizan la seguridad, la eficiencia y el m\u00e1ximo rendimiento a\u00f1o tras a\u00f1o.<\/span><\/span><span class=\"EOP SCXW229813251 BCX0\" data-ccp-props=\"{\">\u00a0<\/span><\/p>\n<p><span class=\"TextRun SCXW131408012 BCX0\" lang=\"EN-US\" xml:lang=\"EN-US\" data-contrast=\"none\"><span class=\"NormalTextRun SCXW131408012 BCX0\">Si su molinillo necesita ser renovado, podemos reconstruirlo. <\/span><span class=\"NormalTextRun SpellingErrorV2Themed SCXW131408012 BCX0\">tornillo de alimentaci\u00f3n<\/span><span class=\"NormalTextRun SCXW131408012 BCX0\">, barril, tolva y otras piezas r\u00e1pidamente y seg\u00fan las especificaciones originales. En Rome, ponemos el mismo cuidado y orgullo en una pieza reconstruida que en una nueva. Todas las reconstrucciones y reformas se realizan con los mejores tiempos de entrega de la industria.\u00a0<\/span><\/span><span class=\"EOP SCXW131408012 BCX0\" data-ccp-props=\"{\">\u00a0<\/span><\/p>\n<\/div>\n<\/div>\n<\/div><div style=\"text-align:center;\"><a class=\"fusion-button button-flat fusion-button-default-size button-default fusion-button-default button-1 fusion-button-default-span fusion-button-default-type\" target=\"_self\" href=\"\/es\/about-us\/contact-us\/\"><span class=\"fusion-button-text awb-button__text awb-button__text--default\">Habla con un representante de Rome<\/span><\/a><\/div><\/div><\/div><\/div><\/div><div class=\"fusion-fullwidth fullwidth-box fusion-builder-row-2 fusion-flex-container has-pattern-background has-mask-background hundred-percent-fullwidth non-hundred-percent-height-scrolling\" style=\"--awb-border-radius-top-left:0px;--awb-border-radius-top-right:0px;--awb-border-radius-bottom-right:0px;--awb-border-radius-bottom-left:0px;--awb-padding-top:40px;--awb-padding-right:0px;--awb-padding-bottom:40px;--awb-padding-left:0px;--awb-padding-top-medium:0px;--awb-padding-bottom-medium:0px;--awb-padding-top-small:0px;--awb-padding-bottom-small:0px;--awb-margin-top:0px;--awb-margin-bottom:60px;--awb-margin-bottom-medium:60px;--awb-margin-bottom-small:50px;--awb-flex-wrap:wrap;\" ><div class=\"fusion-builder-row fusion-row fusion-flex-align-items-flex-start fusion-flex-content-wrap\" style=\"width:104% !important;max-width:104% !important;margin-left: calc(-4% \/ 2 );margin-right: calc(-4% \/ 2 );\"><div class=\"fusion-layout-column fusion_builder_column fusion-builder-column-1 fusion_builder_column_1_1 1_1 fusion-flex-column\" style=\"--awb-bg-size:cover;--awb-width-large:100%;--awb-margin-top-large:0px;--awb-spacing-right-large:1.92%;--awb-margin-bottom-large:20px;--awb-spacing-left-large:1.92%;--awb-width-medium:100%;--awb-order-medium:0;--awb-spacing-right-medium:1.92%;--awb-spacing-left-medium:1.92%;--awb-width-small:100%;--awb-order-small:0;--awb-spacing-right-small:1.92%;--awb-spacing-left-small:1.92%;\"><div class=\"fusion-column-wrapper fusion-column-has-shadow fusion-flex-justify-content-flex-start fusion-content-layout-column\"><div class=\"fusion-image-element\" style=\"--awb-caption-title-font-family:var(--h2_typography-font-family);--awb-caption-title-font-weight:var(--h2_typography-font-weight);--awb-caption-title-font-style:var(--h2_typography-font-style);--awb-caption-title-size:var(--h2_typography-font-size);--awb-caption-title-transform:var(--h2_typography-text-transform);--awb-caption-title-line-height:var(--h2_typography-line-height);--awb-caption-title-letter-spacing:var(--h2_typography-letter-spacing);\"><span class=\"fusion-imageframe imageframe-none imageframe-1 hover-type-none\"><img decoding=\"async\" width=\"2880\" height=\"861\" title=\"Imagen de la red de mantenimiento y reparaciones\" src=\"https:\/\/www.romegrindingsolutions.com\/wp-content\/uploads\/2024\/10\/maintenance-and-repairs-grid-image.png\" alt class=\"img-responsive wp-image-1581\" srcset=\"https:\/\/www.romegrindingsolutions.com\/wp-content\/uploads\/2024\/10\/maintenance-and-repairs-grid-image-200x60.png 200w, https:\/\/www.romegrindingsolutions.com\/wp-content\/uploads\/2024\/10\/maintenance-and-repairs-grid-image-400x120.png 400w, https:\/\/www.romegrindingsolutions.com\/wp-content\/uploads\/2024\/10\/maintenance-and-repairs-grid-image-600x179.png 600w, https:\/\/www.romegrindingsolutions.com\/wp-content\/uploads\/2024\/10\/maintenance-and-repairs-grid-image-800x239.png 800w, https:\/\/www.romegrindingsolutions.com\/wp-content\/uploads\/2024\/10\/maintenance-and-repairs-grid-image-1200x359.png 1200w, https:\/\/www.romegrindingsolutions.com\/wp-content\/uploads\/2024\/10\/maintenance-and-repairs-grid-image.png 2880w\" sizes=\"(max-width: 768px) 100vw, 2880px\" \/><\/span><\/div><\/div><\/div><\/div><\/div><\/p>","protected":false},"excerpt":{"rendered":"","protected":false},"author":2,"featured_media":0,"parent":418,"menu_order":0,"comment_status":"closed","ping_status":"closed","template":"100-width.php","meta":{"_acf_changed":false,"footnotes":""},"class_list":["post-769","page","type-page","status-publish","hentry"],"acf":[],"yoast_head":"<!-- This site is optimized with the Yoast SEO plugin v27.3 - https:\/\/yoast.com\/product\/yoast-seo-wordpress\/ -->\n<title>Maintenance &amp; Repairs: Industrial Grinders | Rome Grinding Solutions<\/title>\n<meta name=\"robots\" content=\"index, follow, max-snippet:-1, max-image-preview:large, max-video-preview:-1\" \/>\n<link rel=\"canonical\" href=\"https:\/\/www.romegrindingsolutions.com\/es\/service-parts\/maintenance-repairs\/\" \/>\n<meta property=\"og:locale\" content=\"es_MX\" \/>\n<meta property=\"og:type\" content=\"article\" \/>\n<meta property=\"og:title\" content=\"Maintenance &amp; Repairs: Industrial Grinders | Rome Grinding Solutions\" \/>\n<meta property=\"og:url\" content=\"https:\/\/www.romegrindingsolutions.com\/es\/service-parts\/maintenance-repairs\/\" \/>\n<meta property=\"og:site_name\" content=\"Rome Grinding Solutions\" \/>\n<meta property=\"article:modified_time\" content=\"2025-02-27T13:59:49+00:00\" \/>\n<meta name=\"twitter:card\" content=\"summary_large_image\" \/>\n<meta name=\"twitter:label1\" content=\"Tiempo de lectura\" \/>\n\t<meta name=\"twitter:data1\" content=\"1 minuto\" \/>\n<script type=\"application\/ld+json\" class=\"yoast-schema-graph\">{\"@context\":\"https:\\\/\\\/schema.org\",\"@graph\":[{\"@type\":\"WebPage\",\"@id\":\"https:\\\/\\\/www.romegrindingsolutions.com\\\/es\\\/service-parts\\\/maintenance-repairs\\\/\",\"url\":\"https:\\\/\\\/www.romegrindingsolutions.com\\\/es\\\/service-parts\\\/maintenance-repairs\\\/\",\"name\":\"Maintenance & Repairs: Industrial Grinders | Rome Grinding Solutions\",\"isPartOf\":{\"@id\":\"https:\\\/\\\/www.romegrindingsolutions.com\\\/es\\\/#website\"},\"datePublished\":\"2024-09-04T20:23:05+00:00\",\"dateModified\":\"2025-02-27T13:59:49+00:00\",\"breadcrumb\":{\"@id\":\"https:\\\/\\\/www.romegrindingsolutions.com\\\/es\\\/service-parts\\\/maintenance-repairs\\\/#breadcrumb\"},\"inLanguage\":\"es\",\"potentialAction\":[{\"@type\":\"ReadAction\",\"target\":[\"https:\\\/\\\/www.romegrindingsolutions.com\\\/es\\\/service-parts\\\/maintenance-repairs\\\/\"]}]},{\"@type\":\"BreadcrumbList\",\"@id\":\"https:\\\/\\\/www.romegrindingsolutions.com\\\/es\\\/service-parts\\\/maintenance-repairs\\\/#breadcrumb\",\"itemListElement\":[{\"@type\":\"ListItem\",\"position\":1,\"name\":\"Home\",\"item\":\"https:\\\/\\\/www.romegrindingsolutions.com\\\/\"},{\"@type\":\"ListItem\",\"position\":2,\"name\":\"Service &#038; Parts\",\"item\":\"https:\\\/\\\/www.romegrindingsolutions.com\\\/service-parts\\\/\"},{\"@type\":\"ListItem\",\"position\":3,\"name\":\"Maintenance\\u2028&#038; Repairs\"}]},{\"@type\":\"WebSite\",\"@id\":\"https:\\\/\\\/www.romegrindingsolutions.com\\\/es\\\/#website\",\"url\":\"https:\\\/\\\/www.romegrindingsolutions.com\\\/es\\\/\",\"name\":\"Rome Grinding Solutions\",\"description\":\"\",\"potentialAction\":[{\"@type\":\"SearchAction\",\"target\":{\"@type\":\"EntryPoint\",\"urlTemplate\":\"https:\\\/\\\/www.romegrindingsolutions.com\\\/es\\\/?s={search_term_string}\"},\"query-input\":{\"@type\":\"PropertyValueSpecification\",\"valueRequired\":true,\"valueName\":\"search_term_string\"}}],\"inLanguage\":\"es\"}]}<\/script>\n<!-- \/ Yoast SEO plugin. -->","yoast_head_json":{"title":"Mantenimiento y reparaci\u00f3n de amoladoras industriales | Rome Grinding Solutions","robots":{"index":"index","follow":"follow","max-snippet":"max-snippet:-1","max-image-preview":"max-image-preview:large","max-video-preview":"max-video-preview:-1"},"canonical":"https:\/\/www.romegrindingsolutions.com\/es\/service-parts\/maintenance-repairs\/","og_locale":"es_MX","og_type":"article","og_title":"Maintenance & Repairs: Industrial Grinders | Rome Grinding Solutions","og_url":"https:\/\/www.romegrindingsolutions.com\/es\/service-parts\/maintenance-repairs\/","og_site_name":"Rome Grinding Solutions","article_modified_time":"2025-02-27T13:59:49+00:00","twitter_card":"summary_large_image","twitter_misc":{"Tiempo de lectura":"1 minuto"},"schema":{"@context":"https:\/\/schema.org","@graph":[{"@type":"WebPage","@id":"https:\/\/www.romegrindingsolutions.com\/es\/service-parts\/maintenance-repairs\/","url":"https:\/\/www.romegrindingsolutions.com\/es\/service-parts\/maintenance-repairs\/","name":"Mantenimiento y reparaci\u00f3n de amoladoras industriales | Rome Grinding Solutions","isPartOf":{"@id":"https:\/\/www.romegrindingsolutions.com\/es\/#website"},"datePublished":"2024-09-04T20:23:05+00:00","dateModified":"2025-02-27T13:59:49+00:00","breadcrumb":{"@id":"https:\/\/www.romegrindingsolutions.com\/es\/service-parts\/maintenance-repairs\/#breadcrumb"},"inLanguage":"es","potentialAction":[{"@type":"ReadAction","target":["https:\/\/www.romegrindingsolutions.com\/es\/service-parts\/maintenance-repairs\/"]}]},{"@type":"BreadcrumbList","@id":"https:\/\/www.romegrindingsolutions.com\/es\/service-parts\/maintenance-repairs\/#breadcrumb","itemListElement":[{"@type":"ListItem","position":1,"name":"Home","item":"https:\/\/www.romegrindingsolutions.com\/"},{"@type":"ListItem","position":2,"name":"Service &#038; Parts","item":"https:\/\/www.romegrindingsolutions.com\/service-parts\/"},{"@type":"ListItem","position":3,"name":"Maintenance\u2028&#038; Repairs"}]},{"@type":"WebSite","@id":"https:\/\/www.romegrindingsolutions.com\/es\/#website","url":"https:\/\/www.romegrindingsolutions.com\/es\/","name":"Rome Grinding Solutions","description":"","potentialAction":[{"@type":"SearchAction","target":{"@type":"EntryPoint","urlTemplate":"https:\/\/www.romegrindingsolutions.com\/es\/?s={search_term_string}"},"query-input":{"@type":"PropertyValueSpecification","valueRequired":true,"valueName":"search_term_string"}}],"inLanguage":"es"}]}},"_links":{"self":[{"href":"https:\/\/www.romegrindingsolutions.com\/es\/wp-json\/wp\/v2\/pages\/769","targetHints":{"allow":["GET"]}}],"collection":[{"href":"https:\/\/www.romegrindingsolutions.com\/es\/wp-json\/wp\/v2\/pages"}],"about":[{"href":"https:\/\/www.romegrindingsolutions.com\/es\/wp-json\/wp\/v2\/types\/page"}],"author":[{"embeddable":true,"href":"https:\/\/www.romegrindingsolutions.com\/es\/wp-json\/wp\/v2\/users\/2"}],"replies":[{"embeddable":true,"href":"https:\/\/www.romegrindingsolutions.com\/es\/wp-json\/wp\/v2\/comments?post=769"}],"version-history":[{"count":0,"href":"https:\/\/www.romegrindingsolutions.com\/es\/wp-json\/wp\/v2\/pages\/769\/revisions"}],"up":[{"embeddable":true,"href":"https:\/\/www.romegrindingsolutions.com\/es\/wp-json\/wp\/v2\/pages\/418"}],"wp:attachment":[{"href":"https:\/\/www.romegrindingsolutions.com\/es\/wp-json\/wp\/v2\/media?parent=769"}],"curies":[{"name":"gracias","href":"https:\/\/api.w.org\/{rel}","templated":true}]}}