{"id":2409,"date":"2025-10-05T19:19:38","date_gmt":"2025-10-05T19:19:38","guid":{"rendered":"https:\/\/www.romegrindingsolutions.com\/?page_id=2409"},"modified":"2025-12-16T19:33:43","modified_gmt":"2025-12-16T19:33:43","slug":"contact-us-cloned","status":"publish","type":"page","link":"https:\/\/www.romegrindingsolutions.com\/es\/about-us\/contact-us-cloned\/","title":{"rendered":"Cont\u00e1ctanos (Clonado)"},"content":{"rendered":"<p><div class=\"fusion-fullwidth fullwidth-box fusion-builder-row-1 fusion-flex-container has-pattern-background has-mask-background nonhundred-percent-fullwidth non-hundred-percent-height-scrolling\" style=\"--awb-border-radius-top-left:0px;--awb-border-radius-top-right:0px;--awb-border-radius-bottom-right:0px;--awb-border-radius-bottom-left:0px;--awb-margin-top:70px;--awb-margin-top-small:10px;--awb-flex-wrap:wrap;\" ><div class=\"fusion-builder-row fusion-row fusion-flex-align-items-flex-start fusion-flex-justify-content-center fusion-flex-content-wrap\" style=\"max-width:1428.96px;margin-left: calc(-4% \/ 2 );margin-right: calc(-4% \/ 2 );\"><div class=\"fusion-layout-column fusion_builder_column fusion-builder-column-0 fusion_builder_column_3_5 3_5 fusion-flex-column\" style=\"--awb-bg-size:cover;--awb-width-large:60%;--awb-margin-top-large:0px;--awb-spacing-right-large:3.2%;--awb-margin-bottom-large:40px;--awb-spacing-left-large:3.2%;--awb-width-medium:60%;--awb-order-medium:0;--awb-spacing-right-medium:3.2%;--awb-spacing-left-medium:3.2%;--awb-width-small:100%;--awb-order-small:0;--awb-spacing-right-small:1.92%;--awb-margin-bottom-small:20px;--awb-spacing-left-small:1.92%;\"><div class=\"fusion-column-wrapper fusion-column-has-shadow fusion-flex-justify-content-flex-start fusion-content-layout-column\"><div class=\"fusion-text fusion-text-1\" style=\"--awb-font-size:var(--awb-typography1-font-size);--awb-line-height:var(--awb-typography1-line-height);--awb-letter-spacing:var(--awb-typography1-letter-spacing);--awb-text-transform:var(--awb-typography1-text-transform);--awb-text-font-family:var(--awb-typography1-font-family);--awb-text-font-weight:var(--awb-typography1-font-weight);--awb-text-font-style:var(--awb-typography1-font-style);\"><h3 style=\"text-align: center;\">Esperamos con ansias <strong>Hablar contigo<\/strong><\/h3>\n<\/div><div class=\"fusion-text fusion-text-2\"><p style=\"text-align: center;\">Complete y env\u00ede el formulario a continuaci\u00f3n y uno de nuestros representantes de Rome se comunicar\u00e1 con usted lo antes posible. Tambi\u00e9n puede considerar solicitarle informaci\u00f3n b\u00e1sica a nuestro chatbot. \u00a1Gracias por su inter\u00e9s en Rome Grinding Solutions!<\/p>\n<\/div><\/div><\/div><\/div><\/div><div class=\"fusion-fullwidth fullwidth-box fusion-builder-row-2 fusion-flex-container has-pattern-background has-mask-background nonhundred-percent-fullwidth non-hundred-percent-height-scrolling\" style=\"--awb-border-radius-top-left:0px;--awb-border-radius-top-right:0px;--awb-border-radius-bottom-right:0px;--awb-border-radius-bottom-left:0px;--awb-margin-top:0px;--awb-margin-top-small:20px;--awb-flex-wrap:wrap;\" id=\"contactform_main\" ><div class=\"fusion-builder-row fusion-row fusion-flex-align-items-flex-start fusion-flex-justify-content-center fusion-flex-content-wrap\" style=\"max-width:1428.96px;margin-left: calc(-4% \/ 2 );margin-right: calc(-4% \/ 2 );\"><div class=\"fusion-layout-column fusion_builder_column fusion-builder-column-1 fusion_builder_column_3_5 3_5 fusion-flex-column\" style=\"--awb-bg-size:cover;--awb-width-large:60%;--awb-margin-top-large:0px;--awb-spacing-right-large:3.2%;--awb-margin-bottom-large:0px;--awb-spacing-left-large:3.2%;--awb-width-medium:70%;--awb-order-medium:0;--awb-spacing-right-medium:2.74285714286%;--awb-spacing-left-medium:2.74285714286%;--awb-width-small:100%;--awb-order-small:0;--awb-spacing-right-small:1.92%;--awb-spacing-left-small:1.92%;\"><div class=\"fusion-column-wrapper fusion-column-has-shadow fusion-flex-justify-content-flex-start fusion-content-layout-column\"><script src=\"https:\/\/js.hsforms.net\/forms\/embed\/developer\/7872397.js\" defer><\/script>\n<div class=\"hs-form-html\" id=\"formcontact\" data-region=\"na1\" data-form-id=\"6ef8ec22-c3e6-4489-8839-8d3b982157f9\" data-portal-id=\"7872397\"><\/div>\n<\/div><\/div><\/div><\/div><div class=\"fusion-fullwidth fullwidth-box fusion-builder-row-3 fusion-flex-container has-pattern-background has-mask-background nonhundred-percent-fullwidth non-hundred-percent-height-scrolling\" style=\"--awb-border-radius-top-left:0px;--awb-border-radius-top-right:0px;--awb-border-radius-bottom-right:0px;--awb-border-radius-bottom-left:0px;--awb-padding-top:0px;--awb-padding-bottom:0px;--awb-margin-top:60px;--awb-margin-top-medium:60px;--awb-margin-top-small:60px;--awb-flex-wrap:wrap;\" ><div class=\"fusion-builder-row fusion-row fusion-flex-align-items-center fusion-flex-content-wrap\" style=\"max-width:calc( 1374px + 30px );margin-left: calc(-30px \/ 2 );margin-right: calc(-30px \/ 2 );\"><div class=\"fusion-layout-column fusion_builder_column fusion-builder-column-2 fusion_builder_column_1_2 1_2 fusion-flex-column fusion-flex-align-self-flex-start\" style=\"--awb-bg-size:cover;--awb-width-large:50%;--awb-margin-top-large:0px;--awb-spacing-right-large:15px;--awb-margin-bottom-large:0px;--awb-spacing-left-large:15px;--awb-width-medium:50%;--awb-order-medium:0;--awb-spacing-right-medium:15px;--awb-spacing-left-medium:15px;--awb-width-small:100%;--awb-order-small:0;--awb-margin-top-small:0px;--awb-spacing-right-small:15px;--awb-spacing-left-small:15px;\" data-scroll-devices=\"small-visibility,medium-visibility,large-visibility\"><div class=\"fusion-column-wrapper fusion-column-has-shadow fusion-flex-justify-content-flex-start fusion-content-layout-column\"><div class=\"fusion-image-element\" style=\"text-align:center;--awb-margin-top-small:0px;--awb-caption-title-font-family:var(--h2_typography-font-family);--awb-caption-title-font-weight:var(--h2_typography-font-weight);--awb-caption-title-font-style:var(--h2_typography-font-style);--awb-caption-title-size:var(--h2_typography-font-size);--awb-caption-title-transform:var(--h2_typography-text-transform);--awb-caption-title-line-height:var(--h2_typography-line-height);--awb-caption-title-letter-spacing:var(--h2_typography-letter-spacing);\"><span class=\"fusion-imageframe imageframe-none imageframe-1 hover-type-none engineer\" id=\"imagewithmap\"><img decoding=\"async\" width=\"1343\" height=\"682\" title=\"Cont\u00e1ctenos\" src=\"https:\/\/www.romegrindingsolutions.com\/wp-content\/uploads\/2024\/12\/Contact-us.png\" alt class=\"img-responsive wp-image-1828\" srcset=\"https:\/\/www.romegrindingsolutions.com\/wp-content\/uploads\/2024\/12\/Contact-us-200x102.png 200w, https:\/\/www.romegrindingsolutions.com\/wp-content\/uploads\/2024\/12\/Contact-us-400x203.png 400w, https:\/\/www.romegrindingsolutions.com\/wp-content\/uploads\/2024\/12\/Contact-us-600x305.png 600w, https:\/\/www.romegrindingsolutions.com\/wp-content\/uploads\/2024\/12\/Contact-us-800x406.png 800w, https:\/\/www.romegrindingsolutions.com\/wp-content\/uploads\/2024\/12\/Contact-us-1200x609.png 1200w, https:\/\/www.romegrindingsolutions.com\/wp-content\/uploads\/2024\/12\/Contact-us.png 1343w\" sizes=\"(max-width: 768px) 100vw, 800px\" \/><\/span><\/div><\/div><\/div><div class=\"fusion-layout-column fusion_builder_column fusion-builder-column-3 fusion_builder_column_1_2 1_2 fusion-flex-column fusion-flex-align-self-center fusion-no-small-visibility fusion-no-medium-visibility\" style=\"--awb-bg-size:cover;--awb-width-large:50%;--awb-margin-top-large:0px;--awb-spacing-right-large:15px;--awb-margin-bottom-large:0px;--awb-spacing-left-large:15px;--awb-width-medium:50%;--awb-order-medium:0;--awb-spacing-right-medium:15px;--awb-spacing-left-medium:15px;--awb-width-small:100%;--awb-order-small:0;--awb-margin-top-small:50px;--awb-spacing-right-small:15px;--awb-spacing-left-small:15px;\" data-scroll-devices=\"small-visibility,medium-visibility,large-visibility\"><div class=\"fusion-column-wrapper fusion-column-has-shadow fusion-flex-justify-content-center fusion-content-layout-column\"><iframe src=\"https:\/\/www.google.com\/maps\/embed?pb=!1m18!1m12!1m3!1d2909.6571633277686!2d-95.86354378423346!3d43.17472009125579!2m3!1f0!2f0!3f0!3m2!1i1024!2i768!4f13.1!3m3!1m2!1s0x878c507f4ccb6b05%3A0x60236b833b2b4b4f!2sRome%20Grinding%20Solutions!5e0!3m2!1sen!2sus!4v1606169670431!5m2!1sen!2sus\" width=\"100%\" height=\"320px\" frameborder=\"0\" style=\"border:0;\" allowfullscreen=\"\" aria-hidden=\"false\" tabindex=\"0\" data-lf-form-tracking-inspected-3p1w24d2w0b8my5n=\"true\" data-lf-yt-playback-inspected-3p1w24d2w0b8my5n=\"true\" data-lf-vimeo-playback-inspected-3p1w24d2w0b8my5n=\"true\"><\/iframe><\/div><\/div><div class=\"fusion-layout-column fusion_builder_column fusion-builder-column-4 fusion_builder_column_1_2 1_2 fusion-flex-column fusion-flex-align-self-center fusion-no-small-visibility fusion-no-large-visibility\" style=\"--awb-bg-size:cover;--awb-width-large:50%;--awb-margin-top-large:0px;--awb-spacing-right-large:15px;--awb-margin-bottom-large:0px;--awb-spacing-left-large:15px;--awb-width-medium:50%;--awb-order-medium:0;--awb-spacing-right-medium:15px;--awb-spacing-left-medium:15px;--awb-width-small:100%;--awb-order-small:0;--awb-margin-top-small:50px;--awb-spacing-right-small:15px;--awb-spacing-left-small:15px;\" data-scroll-devices=\"small-visibility,medium-visibility,large-visibility\"><div class=\"fusion-column-wrapper fusion-column-has-shadow fusion-flex-justify-content-center fusion-content-layout-column\"><iframe src=\"https:\/\/www.google.com\/maps\/embed?pb=!1m18!1m12!1m3!1d2909.6571633277686!2d-95.86354378423346!3d43.17472009125579!2m3!1f0!2f0!3f0!3m2!1i1024!2i768!4f13.1!3m3!1m2!1s0x878c507f4ccb6b05%3A0x60236b833b2b4b4f!2sRome%20Grinding%20Solutions!5e0!3m2!1sen!2sus!4v1606169670431!5m2!1sen!2sus\" width=\"100%\" height=\"230\" frameborder=\"0\" style=\"border:0;\" allowfullscreen=\"\" aria-hidden=\"false\" tabindex=\"0\" data-lf-form-tracking-inspected-3p1w24d2w0b8my5n=\"true\" data-lf-yt-playback-inspected-3p1w24d2w0b8my5n=\"true\" data-lf-vimeo-playback-inspected-3p1w24d2w0b8my5n=\"true\"><\/iframe><\/div><\/div><div class=\"fusion-layout-column fusion_builder_column fusion-builder-column-5 fusion_builder_column_1_2 1_2 fusion-flex-column fusion-flex-align-self-center fusion-no-medium-visibility fusion-no-large-visibility\" style=\"--awb-bg-size:cover;--awb-width-large:50%;--awb-margin-top-large:0px;--awb-spacing-right-large:15px;--awb-margin-bottom-large:0px;--awb-spacing-left-large:15px;--awb-width-medium:50%;--awb-order-medium:0;--awb-spacing-right-medium:15px;--awb-spacing-left-medium:15px;--awb-width-small:100%;--awb-order-small:0;--awb-margin-top-small:50px;--awb-spacing-right-small:15px;--awb-spacing-left-small:15px;\" data-scroll-devices=\"small-visibility,medium-visibility,large-visibility\"><div class=\"fusion-column-wrapper fusion-column-has-shadow fusion-flex-justify-content-center fusion-content-layout-row\"><iframe src=\"https:\/\/www.google.com\/maps\/embed?pb=!1m18!1m12!1m3!1d2909.6571633277686!2d-95.86354378423346!3d43.17472009125579!2m3!1f0!2f0!3f0!3m2!1i1024!2i768!4f13.1!3m3!1m2!1s0x878c507f4ccb6b05%3A0x60236b833b2b4b4f!2sRome%20Grinding%20Solutions!5e0!3m2!1sen!2sus!4v1606169670431!5m2!1sen!2sus\" width=\"675px\" height=\"320\" frameborder=\"0\" style=\"border:0;\" allowfullscreen=\"\" aria-hidden=\"false\" tabindex=\"0\" data-lf-form-tracking-inspected-3p1w24d2w0b8my5n=\"true\" data-lf-yt-playback-inspected-3p1w24d2w0b8my5n=\"true\" data-lf-vimeo-playback-inspected-3p1w24d2w0b8my5n=\"true\"><\/iframe><\/div><\/div><\/div><\/div><div class=\"fusion-fullwidth fullwidth-box fusion-builder-row-4 fusion-flex-container has-pattern-background has-mask-background nonhundred-percent-fullwidth non-hundred-percent-height-scrolling\" style=\"--awb-border-radius-top-left:0px;--awb-border-radius-top-right:0px;--awb-border-radius-bottom-right:0px;--awb-border-radius-bottom-left:0px;--awb-margin-top:80px;--awb-margin-bottom:90px;--awb-margin-bottom-medium:80px;--awb-margin-top-small:70px;--awb-margin-bottom-small:70px;--awb-flex-wrap:wrap;\" ><div class=\"fusion-builder-row fusion-row fusion-flex-align-items-flex-start fusion-flex-justify-content-center fusion-flex-content-wrap\" style=\"max-width:1428.96px;margin-left: calc(-4% \/ 2 );margin-right: calc(-4% \/ 2 );\"><div class=\"fusion-layout-column fusion_builder_column fusion-builder-column-6 fusion_builder_column_3_5 3_5 fusion-flex-column\" style=\"--awb-bg-size:cover;--awb-width-large:60%;--awb-margin-top-large:0px;--awb-spacing-right-large:3.2%;--awb-margin-bottom-large:0px;--awb-spacing-left-large:3.2%;--awb-width-medium:60%;--awb-order-medium:0;--awb-spacing-right-medium:3.2%;--awb-spacing-left-medium:3.2%;--awb-width-small:100%;--awb-order-small:0;--awb-spacing-right-small:1.92%;--awb-spacing-left-small:1.92%;\"><div class=\"fusion-column-wrapper fusion-column-has-shadow fusion-flex-justify-content-flex-start fusion-content-layout-column\"><div class=\"fusion-text fusion-text-3\"><p style=\"text-align: center;\">Horario de atenci\u00f3n: de 7:30 a. m. a 4:30 p. m., hora central, de lunes a viernes<br \/>\nN\u00famero de tel\u00e9fono: <a href=\"tel:8004430557\">800-443-0557<\/a><br \/>\nCorreo electr\u00f3nico: <a href=\"mailto:Sales@romegrindingsolutions.com\">Sales@romegrindingsolutions.com<\/a><\/p>\n<\/div><\/div><\/div><\/div><\/div><\/p>","protected":false},"excerpt":{"rendered":"","protected":false},"author":2,"featured_media":0,"parent":419,"menu_order":0,"comment_status":"closed","ping_status":"closed","template":"100-width.php","meta":{"_acf_changed":false,"footnotes":""},"class_list":["post-2409","page","type-page","status-publish","hentry"],"acf":[],"yoast_head":"<!-- This site is optimized with the Yoast SEO plugin v27.3 - https:\/\/yoast.com\/product\/yoast-seo-wordpress\/ -->\n<title>Contact Rome: Solutions for Your Needs | Rome Grinding Solutions<\/title>\n<meta name=\"description\" content=\"Connect with Rome Grinding Solutions for top-tier industrial grinders and custom solutions. Submit your inquiry today to speak with our experts!\" \/>\n<meta name=\"robots\" content=\"index, follow, max-snippet:-1, max-image-preview:large, max-video-preview:-1\" \/>\n<link rel=\"canonical\" href=\"https:\/\/www.romegrindingsolutions.com\/es\/about-us\/contact-us-cloned\/\" \/>\n<meta property=\"og:locale\" content=\"es_MX\" \/>\n<meta property=\"og:type\" content=\"article\" \/>\n<meta property=\"og:title\" content=\"Contact Rome: Solutions for Your Needs | Rome Grinding Solutions\" \/>\n<meta property=\"og:description\" content=\"Connect with Rome Grinding Solutions for top-tier industrial grinders and custom solutions. Submit your inquiry today to speak with our experts!\" \/>\n<meta property=\"og:url\" content=\"https:\/\/www.romegrindingsolutions.com\/es\/about-us\/contact-us-cloned\/\" \/>\n<meta property=\"og:site_name\" content=\"Rome Grinding Solutions\" \/>\n<meta property=\"article:modified_time\" content=\"2025-12-16T19:33:43+00:00\" \/>\n<meta name=\"twitter:card\" content=\"summary_large_image\" \/>\n<meta name=\"twitter:label1\" content=\"Tiempo de lectura\" \/>\n\t<meta name=\"twitter:data1\" content=\"1 minuto\" \/>\n<script type=\"application\/ld+json\" class=\"yoast-schema-graph\">{\"@context\":\"https:\\\/\\\/schema.org\",\"@graph\":[{\"@type\":\"WebPage\",\"@id\":\"https:\\\/\\\/www.romegrindingsolutions.com\\\/es\\\/about-us\\\/contact-us-cloned\\\/\",\"url\":\"https:\\\/\\\/www.romegrindingsolutions.com\\\/es\\\/about-us\\\/contact-us-cloned\\\/\",\"name\":\"Contact Rome: Solutions for Your Needs | Rome Grinding Solutions\",\"isPartOf\":{\"@id\":\"https:\\\/\\\/www.romegrindingsolutions.com\\\/es\\\/#website\"},\"datePublished\":\"2025-10-05T19:19:38+00:00\",\"dateModified\":\"2025-12-16T19:33:43+00:00\",\"description\":\"Connect with Rome Grinding Solutions for top-tier industrial grinders and custom solutions. Submit your inquiry today to speak with our experts!\",\"breadcrumb\":{\"@id\":\"https:\\\/\\\/www.romegrindingsolutions.com\\\/es\\\/about-us\\\/contact-us-cloned\\\/#breadcrumb\"},\"inLanguage\":\"es\",\"potentialAction\":[{\"@type\":\"ReadAction\",\"target\":[\"https:\\\/\\\/www.romegrindingsolutions.com\\\/es\\\/about-us\\\/contact-us-cloned\\\/\"]}]},{\"@type\":\"BreadcrumbList\",\"@id\":\"https:\\\/\\\/www.romegrindingsolutions.com\\\/es\\\/about-us\\\/contact-us-cloned\\\/#breadcrumb\",\"itemListElement\":[{\"@type\":\"ListItem\",\"position\":1,\"name\":\"Home\",\"item\":\"https:\\\/\\\/www.romegrindingsolutions.com\\\/\"},{\"@type\":\"ListItem\",\"position\":2,\"name\":\"About Us\",\"item\":\"https:\\\/\\\/www.romegrindingsolutions.com\\\/about-us\\\/\"},{\"@type\":\"ListItem\",\"position\":3,\"name\":\"Contact us ( Cloned )\"}]},{\"@type\":\"WebSite\",\"@id\":\"https:\\\/\\\/www.romegrindingsolutions.com\\\/es\\\/#website\",\"url\":\"https:\\\/\\\/www.romegrindingsolutions.com\\\/es\\\/\",\"name\":\"Rome Grinding Solutions\",\"description\":\"\",\"potentialAction\":[{\"@type\":\"SearchAction\",\"target\":{\"@type\":\"EntryPoint\",\"urlTemplate\":\"https:\\\/\\\/www.romegrindingsolutions.com\\\/es\\\/?s={search_term_string}\"},\"query-input\":{\"@type\":\"PropertyValueSpecification\",\"valueRequired\":true,\"valueName\":\"search_term_string\"}}],\"inLanguage\":\"es\"}]}<\/script>\n<!-- \/ Yoast SEO plugin. -->","yoast_head_json":{"title":"Contacto Roma: Soluciones para sus necesidades | Soluciones de rectificado Roma","description":"Contacte con Rome Grinding Solutions para obtener rectificadoras industriales de primera calidad y soluciones personalizadas. \u00a1Env\u00ede su consulta hoy mismo para hablar con nuestros expertos!","robots":{"index":"index","follow":"follow","max-snippet":"max-snippet:-1","max-image-preview":"max-image-preview:large","max-video-preview":"max-video-preview:-1"},"canonical":"https:\/\/www.romegrindingsolutions.com\/es\/about-us\/contact-us-cloned\/","og_locale":"es_MX","og_type":"article","og_title":"Contact Rome: Solutions for Your Needs | Rome Grinding Solutions","og_description":"Connect with Rome Grinding Solutions for top-tier industrial grinders and custom solutions. Submit your inquiry today to speak with our experts!","og_url":"https:\/\/www.romegrindingsolutions.com\/es\/about-us\/contact-us-cloned\/","og_site_name":"Rome Grinding Solutions","article_modified_time":"2025-12-16T19:33:43+00:00","twitter_card":"summary_large_image","twitter_misc":{"Tiempo de lectura":"1 minuto"},"schema":{"@context":"https:\/\/schema.org","@graph":[{"@type":"WebPage","@id":"https:\/\/www.romegrindingsolutions.com\/es\/about-us\/contact-us-cloned\/","url":"https:\/\/www.romegrindingsolutions.com\/es\/about-us\/contact-us-cloned\/","name":"Contacto Roma: Soluciones para sus necesidades | Soluciones de rectificado Roma","isPartOf":{"@id":"https:\/\/www.romegrindingsolutions.com\/es\/#website"},"datePublished":"2025-10-05T19:19:38+00:00","dateModified":"2025-12-16T19:33:43+00:00","description":"Contacte con Rome Grinding Solutions para obtener rectificadoras industriales de primera calidad y soluciones personalizadas. \u00a1Env\u00ede su consulta hoy mismo para hablar con nuestros expertos!","breadcrumb":{"@id":"https:\/\/www.romegrindingsolutions.com\/es\/about-us\/contact-us-cloned\/#breadcrumb"},"inLanguage":"es","potentialAction":[{"@type":"ReadAction","target":["https:\/\/www.romegrindingsolutions.com\/es\/about-us\/contact-us-cloned\/"]}]},{"@type":"BreadcrumbList","@id":"https:\/\/www.romegrindingsolutions.com\/es\/about-us\/contact-us-cloned\/#breadcrumb","itemListElement":[{"@type":"ListItem","position":1,"name":"Home","item":"https:\/\/www.romegrindingsolutions.com\/"},{"@type":"ListItem","position":2,"name":"About Us","item":"https:\/\/www.romegrindingsolutions.com\/about-us\/"},{"@type":"ListItem","position":3,"name":"Contact us ( Cloned )"}]},{"@type":"WebSite","@id":"https:\/\/www.romegrindingsolutions.com\/es\/#website","url":"https:\/\/www.romegrindingsolutions.com\/es\/","name":"Rome Grinding Solutions","description":"","potentialAction":[{"@type":"SearchAction","target":{"@type":"EntryPoint","urlTemplate":"https:\/\/www.romegrindingsolutions.com\/es\/?s={search_term_string}"},"query-input":{"@type":"PropertyValueSpecification","valueRequired":true,"valueName":"search_term_string"}}],"inLanguage":"es"}]}},"_links":{"self":[{"href":"https:\/\/www.romegrindingsolutions.com\/es\/wp-json\/wp\/v2\/pages\/2409","targetHints":{"allow":["GET"]}}],"collection":[{"href":"https:\/\/www.romegrindingsolutions.com\/es\/wp-json\/wp\/v2\/pages"}],"about":[{"href":"https:\/\/www.romegrindingsolutions.com\/es\/wp-json\/wp\/v2\/types\/page"}],"author":[{"embeddable":true,"href":"https:\/\/www.romegrindingsolutions.com\/es\/wp-json\/wp\/v2\/users\/2"}],"replies":[{"embeddable":true,"href":"https:\/\/www.romegrindingsolutions.com\/es\/wp-json\/wp\/v2\/comments?post=2409"}],"version-history":[{"count":0,"href":"https:\/\/www.romegrindingsolutions.com\/es\/wp-json\/wp\/v2\/pages\/2409\/revisions"}],"up":[{"embeddable":true,"href":"https:\/\/www.romegrindingsolutions.com\/es\/wp-json\/wp\/v2\/pages\/419"}],"wp:attachment":[{"href":"https:\/\/www.romegrindingsolutions.com\/es\/wp-json\/wp\/v2\/media?parent=2409"}],"curies":[{"name":"gracias","href":"https:\/\/api.w.org\/{rel}","templated":true}]}}