{"id":1937,"date":"2025-02-10T21:29:48","date_gmt":"2025-02-10T21:29:48","guid":{"rendered":"https:\/\/www.romegrindingsolutions.com\/?page_id=1937"},"modified":"2026-03-25T17:04:27","modified_gmt":"2026-03-25T17:04:27","slug":"contact-us-for-spare-parts-today","status":"publish","type":"page","link":"https:\/\/www.romegrindingsolutions.com\/es\/about-us\/contact-us-for-spare-parts-today\/","title":{"rendered":"Soluciones de molienda en Roma: cont\u00e1ctenos hoy mismo para obtener repuestos"},"content":{"rendered":"<p><div class=\"fusion-fullwidth fullwidth-box fusion-builder-row-1 fusion-flex-container has-pattern-background has-mask-background nonhundred-percent-fullwidth non-hundred-percent-height-scrolling\" style=\"--awb-border-radius-top-left:0px;--awb-border-radius-top-right:0px;--awb-border-radius-bottom-right:0px;--awb-border-radius-bottom-left:0px;--awb-margin-top:70px;--awb-margin-top-small:10px;--awb-flex-wrap:wrap;\" ><div class=\"fusion-builder-row fusion-row fusion-flex-align-items-flex-start fusion-flex-justify-content-center fusion-flex-content-wrap\" style=\"max-width:1428.96px;margin-left: calc(-4% \/ 2 );margin-right: calc(-4% \/ 2 );\"><div class=\"fusion-layout-column fusion_builder_column fusion-builder-column-0 fusion_builder_column_3_5 3_5 fusion-flex-column\" style=\"--awb-bg-size:cover;--awb-width-large:60%;--awb-margin-top-large:0px;--awb-spacing-right-large:3.2%;--awb-margin-bottom-large:40px;--awb-spacing-left-large:3.2%;--awb-width-medium:60%;--awb-order-medium:0;--awb-spacing-right-medium:3.2%;--awb-spacing-left-medium:3.2%;--awb-width-small:100%;--awb-order-small:0;--awb-spacing-right-small:1.92%;--awb-margin-bottom-small:20px;--awb-spacing-left-small:1.92%;\"><div class=\"fusion-column-wrapper fusion-column-has-shadow fusion-flex-justify-content-flex-start fusion-content-layout-column\"><div class=\"fusion-text fusion-text-1\" style=\"--awb-font-size:var(--awb-typography1-font-size);--awb-line-height:var(--awb-typography1-line-height);--awb-letter-spacing:var(--awb-typography1-letter-spacing);--awb-text-transform:var(--awb-typography1-text-transform);--awb-text-font-family:var(--awb-typography1-font-family);--awb-text-font-weight:var(--awb-typography1-font-weight);--awb-text-font-style:var(--awb-typography1-font-style);\"><h3 class=\"\" style=\"text-align: center; --fontsize: 40; line-height: 1.1;\" data-fontsize=\"40\" data-lineheight=\"44px\">Vamos a encontrar el<strong> PIEZAS QUE NECESITAS<\/strong><\/h3>\n<\/div><div class=\"fusion-text fusion-text-2\"><p style=\"text-align: center;\">Complete y env\u00ede el formulario a continuaci\u00f3n y uno de nuestros representantes de Rome se comunicar\u00e1 con usted lo antes posible. Aseg\u00farese de incluir cualquier informaci\u00f3n espec\u00edfica del producto, como nombres de piezas, n\u00fameros o tama\u00f1os. \u00a1Gracias por su inter\u00e9s en Rome Grinding Solutions!<\/p>\n<\/div><\/div><\/div><\/div><\/div><div class=\"fusion-fullwidth fullwidth-box fusion-builder-row-2 fusion-flex-container has-pattern-background has-mask-background nonhundred-percent-fullwidth non-hundred-percent-height-scrolling\" style=\"--awb-border-radius-top-left:0px;--awb-border-radius-top-right:0px;--awb-border-radius-bottom-right:0px;--awb-border-radius-bottom-left:0px;--awb-margin-top:0px;--awb-margin-bottom:60px;--awb-margin-top-small:30px;--awb-flex-wrap:wrap;\" id=\"contactform_main\" ><div class=\"fusion-builder-row fusion-row fusion-flex-align-items-flex-start fusion-flex-justify-content-center fusion-flex-content-wrap\" style=\"max-width:1428.96px;margin-left: calc(-4% \/ 2 );margin-right: calc(-4% \/ 2 );\"><div class=\"fusion-layout-column fusion_builder_column fusion-builder-column-1 fusion_builder_column_3_5 3_5 fusion-flex-column\" style=\"--awb-bg-size:cover;--awb-width-large:60%;--awb-margin-top-large:0px;--awb-spacing-right-large:3.2%;--awb-margin-bottom-large:0px;--awb-spacing-left-large:3.2%;--awb-width-medium:60%;--awb-order-medium:0;--awb-spacing-right-medium:3.2%;--awb-spacing-left-medium:3.2%;--awb-width-small:100%;--awb-order-small:0;--awb-spacing-right-small:1.92%;--awb-spacing-left-small:1.92%;\"><div class=\"fusion-column-wrapper fusion-column-has-shadow fusion-flex-justify-content-flex-start fusion-content-layout-column\"><script src=\"https:\/\/js.hsforms.net\/forms\/embed\/developer\/7872397.js\" defer><\/script>\n<div class=\"hs-form-html\" id=\"formcontact\"  data-region=\"na1\" data-form-id=\"34df67d1-291a-4a7b-96f4-99da1c6ef528\" data-portal-id=\"7872397\"><\/div>\n<\/div><\/div><\/div><\/div><\/p>","protected":false},"excerpt":{"rendered":"","protected":false},"author":2,"featured_media":0,"parent":419,"menu_order":0,"comment_status":"closed","ping_status":"closed","template":"100-width.php","meta":{"_acf_changed":false,"footnotes":""},"class_list":["post-1937","page","type-page","status-publish","hentry"],"acf":[],"yoast_head":"<!-- This site is optimized with the Yoast SEO plugin v27.3 - https:\/\/yoast.com\/product\/yoast-seo-wordpress\/ -->\n<title>Rome Grinding Solutions: Contact Our Expert Team Today<\/title>\n<meta name=\"description\" content=\"Connect with Rome Grinding Solutions for top-tier industrial grinders and custom solutions. Submit your inquiry today to speak with our experts!\" \/>\n<meta name=\"robots\" content=\"index, follow, max-snippet:-1, max-image-preview:large, max-video-preview:-1\" \/>\n<link rel=\"canonical\" href=\"https:\/\/www.romegrindingsolutions.com\/es\/about-us\/contact-us-for-spare-parts-today\/\" \/>\n<meta property=\"og:locale\" content=\"es_MX\" \/>\n<meta property=\"og:type\" content=\"article\" \/>\n<meta property=\"og:title\" content=\"Rome Grinding Solutions: Contact Our Expert Team Today\" \/>\n<meta property=\"og:description\" content=\"Connect with Rome Grinding Solutions for top-tier industrial grinders and custom solutions. Submit your inquiry today to speak with our experts!\" \/>\n<meta property=\"og:url\" content=\"https:\/\/www.romegrindingsolutions.com\/es\/about-us\/contact-us-for-spare-parts-today\/\" \/>\n<meta property=\"og:site_name\" content=\"Rome Grinding Solutions\" \/>\n<meta property=\"article:modified_time\" content=\"2026-03-25T17:04:27+00:00\" \/>\n<meta name=\"twitter:card\" content=\"summary_large_image\" \/>\n<meta name=\"twitter:label1\" content=\"Tiempo de lectura\" \/>\n\t<meta name=\"twitter:data1\" content=\"1 minuto\" \/>\n<script type=\"application\/ld+json\" class=\"yoast-schema-graph\">{\"@context\":\"https:\\\/\\\/schema.org\",\"@graph\":[{\"@type\":\"WebPage\",\"@id\":\"https:\\\/\\\/www.romegrindingsolutions.com\\\/es\\\/about-us\\\/contact-us-for-spare-parts-today\\\/\",\"url\":\"https:\\\/\\\/www.romegrindingsolutions.com\\\/es\\\/about-us\\\/contact-us-for-spare-parts-today\\\/\",\"name\":\"Rome Grinding Solutions: Contact Our Expert Team Today\",\"isPartOf\":{\"@id\":\"https:\\\/\\\/www.romegrindingsolutions.com\\\/es\\\/#website\"},\"datePublished\":\"2025-02-10T21:29:48+00:00\",\"dateModified\":\"2026-03-25T17:04:27+00:00\",\"description\":\"Connect with Rome Grinding Solutions for top-tier industrial grinders and custom solutions. Submit your inquiry today to speak with our experts!\",\"breadcrumb\":{\"@id\":\"https:\\\/\\\/www.romegrindingsolutions.com\\\/es\\\/about-us\\\/contact-us-for-spare-parts-today\\\/#breadcrumb\"},\"inLanguage\":\"es\",\"potentialAction\":[{\"@type\":\"ReadAction\",\"target\":[\"https:\\\/\\\/www.romegrindingsolutions.com\\\/es\\\/about-us\\\/contact-us-for-spare-parts-today\\\/\"]}]},{\"@type\":\"BreadcrumbList\",\"@id\":\"https:\\\/\\\/www.romegrindingsolutions.com\\\/es\\\/about-us\\\/contact-us-for-spare-parts-today\\\/#breadcrumb\",\"itemListElement\":[{\"@type\":\"ListItem\",\"position\":1,\"name\":\"Home\",\"item\":\"https:\\\/\\\/www.romegrindingsolutions.com\\\/\"},{\"@type\":\"ListItem\",\"position\":2,\"name\":\"About Us\",\"item\":\"https:\\\/\\\/www.romegrindingsolutions.com\\\/about-us\\\/\"},{\"@type\":\"ListItem\",\"position\":3,\"name\":\"Rome Grinding Solutions: Contact Us For Spare Parts Today\"}]},{\"@type\":\"WebSite\",\"@id\":\"https:\\\/\\\/www.romegrindingsolutions.com\\\/es\\\/#website\",\"url\":\"https:\\\/\\\/www.romegrindingsolutions.com\\\/es\\\/\",\"name\":\"Rome Grinding Solutions\",\"description\":\"\",\"potentialAction\":[{\"@type\":\"SearchAction\",\"target\":{\"@type\":\"EntryPoint\",\"urlTemplate\":\"https:\\\/\\\/www.romegrindingsolutions.com\\\/es\\\/?s={search_term_string}\"},\"query-input\":{\"@type\":\"PropertyValueSpecification\",\"valueRequired\":true,\"valueName\":\"search_term_string\"}}],\"inLanguage\":\"es\"}]}<\/script>\n<!-- \/ Yoast SEO plugin. -->","yoast_head_json":{"title":"Soluciones de rectificado Rome Grinding Solutions: Contacte con nuestro equipo de expertos hoy mismo","description":"Contacte con Rome Grinding Solutions para obtener rectificadoras industriales de primera calidad y soluciones personalizadas. \u00a1Env\u00ede su consulta hoy mismo para hablar con nuestros expertos!","robots":{"index":"index","follow":"follow","max-snippet":"max-snippet:-1","max-image-preview":"max-image-preview:large","max-video-preview":"max-video-preview:-1"},"canonical":"https:\/\/www.romegrindingsolutions.com\/es\/about-us\/contact-us-for-spare-parts-today\/","og_locale":"es_MX","og_type":"article","og_title":"Rome Grinding Solutions: Contact Our Expert Team Today","og_description":"Connect with Rome Grinding Solutions for top-tier industrial grinders and custom solutions. Submit your inquiry today to speak with our experts!","og_url":"https:\/\/www.romegrindingsolutions.com\/es\/about-us\/contact-us-for-spare-parts-today\/","og_site_name":"Rome Grinding Solutions","article_modified_time":"2026-03-25T17:04:27+00:00","twitter_card":"summary_large_image","twitter_misc":{"Tiempo de lectura":"1 minuto"},"schema":{"@context":"https:\/\/schema.org","@graph":[{"@type":"WebPage","@id":"https:\/\/www.romegrindingsolutions.com\/es\/about-us\/contact-us-for-spare-parts-today\/","url":"https:\/\/www.romegrindingsolutions.com\/es\/about-us\/contact-us-for-spare-parts-today\/","name":"Soluciones de rectificado Rome Grinding Solutions: Contacte con nuestro equipo de expertos hoy mismo","isPartOf":{"@id":"https:\/\/www.romegrindingsolutions.com\/es\/#website"},"datePublished":"2025-02-10T21:29:48+00:00","dateModified":"2026-03-25T17:04:27+00:00","description":"Contacte con Rome Grinding Solutions para obtener rectificadoras industriales de primera calidad y soluciones personalizadas. \u00a1Env\u00ede su consulta hoy mismo para hablar con nuestros expertos!","breadcrumb":{"@id":"https:\/\/www.romegrindingsolutions.com\/es\/about-us\/contact-us-for-spare-parts-today\/#breadcrumb"},"inLanguage":"es","potentialAction":[{"@type":"ReadAction","target":["https:\/\/www.romegrindingsolutions.com\/es\/about-us\/contact-us-for-spare-parts-today\/"]}]},{"@type":"BreadcrumbList","@id":"https:\/\/www.romegrindingsolutions.com\/es\/about-us\/contact-us-for-spare-parts-today\/#breadcrumb","itemListElement":[{"@type":"ListItem","position":1,"name":"Home","item":"https:\/\/www.romegrindingsolutions.com\/"},{"@type":"ListItem","position":2,"name":"About Us","item":"https:\/\/www.romegrindingsolutions.com\/about-us\/"},{"@type":"ListItem","position":3,"name":"Rome Grinding Solutions: Contact Us For Spare Parts Today"}]},{"@type":"WebSite","@id":"https:\/\/www.romegrindingsolutions.com\/es\/#website","url":"https:\/\/www.romegrindingsolutions.com\/es\/","name":"Rome Grinding Solutions","description":"","potentialAction":[{"@type":"SearchAction","target":{"@type":"EntryPoint","urlTemplate":"https:\/\/www.romegrindingsolutions.com\/es\/?s={search_term_string}"},"query-input":{"@type":"PropertyValueSpecification","valueRequired":true,"valueName":"search_term_string"}}],"inLanguage":"es"}]}},"_links":{"self":[{"href":"https:\/\/www.romegrindingsolutions.com\/es\/wp-json\/wp\/v2\/pages\/1937","targetHints":{"allow":["GET"]}}],"collection":[{"href":"https:\/\/www.romegrindingsolutions.com\/es\/wp-json\/wp\/v2\/pages"}],"about":[{"href":"https:\/\/www.romegrindingsolutions.com\/es\/wp-json\/wp\/v2\/types\/page"}],"author":[{"embeddable":true,"href":"https:\/\/www.romegrindingsolutions.com\/es\/wp-json\/wp\/v2\/users\/2"}],"replies":[{"embeddable":true,"href":"https:\/\/www.romegrindingsolutions.com\/es\/wp-json\/wp\/v2\/comments?post=1937"}],"version-history":[{"count":0,"href":"https:\/\/www.romegrindingsolutions.com\/es\/wp-json\/wp\/v2\/pages\/1937\/revisions"}],"up":[{"embeddable":true,"href":"https:\/\/www.romegrindingsolutions.com\/es\/wp-json\/wp\/v2\/pages\/419"}],"wp:attachment":[{"href":"https:\/\/www.romegrindingsolutions.com\/es\/wp-json\/wp\/v2\/media?parent=1937"}],"curies":[{"name":"gracias","href":"https:\/\/api.w.org\/{rel}","templated":true}]}}